{"id":3503,"date":"2025-06-13T10:51:12","date_gmt":"2025-06-13T10:51:12","guid":{"rendered":"https:\/\/hotelzabalburu.com\/allgemeine-geschaeftsbedingungen\/"},"modified":"2026-01-19T08:57:16","modified_gmt":"2026-01-19T08:57:16","slug":"allgemeine-geschaeftsbedingungen","status":"publish","type":"page","link":"https:\/\/hotelzabalburu.com\/de\/allgemeine-geschaeftsbedingungen\/","title":{"rendered":"Allgemeine Gesch\u00e4ftsbedingungen"},"content":{"rendered":"\t\t<div data-elementor-type=\"wp-page\" data-elementor-id=\"3503\" class=\"elementor elementor-3503 elementor-2441\" data-elementor-post-type=\"page\">\n\t\t\t\t<div class=\"elementor-element elementor-element-ecdfaaa e-flex e-con-boxed e-con e-parent\" data-id=\"ecdfaaa\" data-element_type=\"container\" data-settings=\"{&quot;hoteller_ext_is_background_parallax&quot;:&quot;false&quot;,&quot;hoteller_ext_is_background_backdrop&quot;:&quot;false&quot;,&quot;hoteller_ext_is_background_on_scroll&quot;:&quot;false&quot;,&quot;hoteller_ext_link_sidemenu&quot;:&quot;false&quot;,&quot;hoteller_ext_link_fullmenu&quot;:&quot;false&quot;,&quot;hoteller_ext_link_closed_fullmenu&quot;:&quot;false&quot;,&quot;hoteller_ext_is_scrollme&quot;:&quot;false&quot;,&quot;hoteller_ext_is_smoove&quot;:&quot;false&quot;,&quot;hoteller_ext_is_parallax_mouse&quot;:&quot;false&quot;,&quot;hoteller_ext_is_infinite&quot;:&quot;false&quot;,&quot;hoteller_ext_is_fadeout_animation&quot;:&quot;false&quot;,&quot;hoteller_ext_mobile_static&quot;:&quot;false&quot;}\">\n\t\t\t\t\t<div class=\"e-con-inner\">\n\t\t\t\t<div class=\"elementor-element elementor-element-b791cf1 elementor-widget elementor-widget-heading\" data-id=\"b791cf1\" data-element_type=\"widget\" data-settings=\"{&quot;hoteller_ext_link_sidemenu&quot;:&quot;false&quot;,&quot;hoteller_ext_link_fullmenu&quot;:&quot;false&quot;,&quot;hoteller_ext_link_closed_fullmenu&quot;:&quot;false&quot;,&quot;hoteller_ext_is_scrollme&quot;:&quot;false&quot;,&quot;hoteller_ext_is_smoove&quot;:&quot;false&quot;,&quot;hoteller_ext_is_parallax_mouse&quot;:&quot;false&quot;,&quot;hoteller_ext_is_infinite&quot;:&quot;false&quot;,&quot;hoteller_ext_is_fadeout_animation&quot;:&quot;false&quot;,&quot;hoteller_ext_mobile_static&quot;:&quot;false&quot;}\" data-widget_type=\"heading.default\">\n\t\t\t\t<div class=\"elementor-widget-container\">\n\t\t\t\t\t<h1 class=\"elementor-heading-title elementor-size-default\">Allgemeine Gesch\u00e4ftsbedingungen<\/h1>\t\t\t\t<\/div>\n\t\t\t\t<\/div>\n\t\t\t\t<div class=\"elementor-element elementor-element-8a0ff3a elementor-widget elementor-widget-text-editor\" data-id=\"8a0ff3a\" data-element_type=\"widget\" data-settings=\"{&quot;hoteller_ext_link_sidemenu&quot;:&quot;false&quot;,&quot;hoteller_ext_link_fullmenu&quot;:&quot;false&quot;,&quot;hoteller_ext_link_closed_fullmenu&quot;:&quot;false&quot;,&quot;hoteller_ext_is_scrollme&quot;:&quot;false&quot;,&quot;hoteller_ext_is_smoove&quot;:&quot;false&quot;,&quot;hoteller_ext_is_parallax_mouse&quot;:&quot;false&quot;,&quot;hoteller_ext_is_infinite&quot;:&quot;false&quot;,&quot;hoteller_ext_is_fadeout_animation&quot;:&quot;false&quot;,&quot;hoteller_ext_mobile_static&quot;:&quot;false&quot;}\" data-widget_type=\"text-editor.default\">\n\t\t\t\t<div class=\"elementor-widget-container\">\n\t\t\t\t\t\t\t\t\t<h2 style=\"font-size: 25px;\">Informationen vor der Buchung<\/h2>\n  <p>Die vorliegenden Allgemeinen Gesch\u00e4ftsbedingungen regeln das Fernabsatzverh\u00e4ltnis zwischen HOTELES DEL VALLE DE MENA SLU und dem Nutzer oder Kunden. Sie wurden in \u00dcbereinstimmung mit dem Gesetz 7\/1998, dem Gesetz 3\/2014, dem Organgesetz 3\/2018, der Datenschutz-Grundverordnung (EU) 2016\/679, dem Gesetz 7\/1996 und dem Gesetz 34\/2002 erstellt. <\/p>\n\n  <p>HOTELES DEL VALLE DE MENA SLU beh\u00e4lt sich das Recht vor, die vorliegenden Allgemeinen Gesch\u00e4ftsbedingungen ohne vorherige Ank\u00fcndigung zu \u00e4ndern. Die \u00c4nderungen sind ab ihrer Ver\u00f6ffentlichung auf der Website g\u00fcltig und verbindlich, bis sie durch sp\u00e4tere \u00c4nderungen ersetzt werden. <\/p>\n\n  <p>In bestimmten F\u00e4llen k\u00f6nnen Sonderbedingungen gelten, die Vorrang vor den vorliegenden Allgemeinen Gesch\u00e4ftsbedingungen haben, sofern dies dem Nutzer zuvor eindeutig mitgeteilt wurde.<\/p>\n\n  <p>Die Nutzung und Buchung \u00fcber die Website setzt die Zustimmung des Nutzers zu diesen Bedingungen voraus, die zum Zeitpunkt der Buchung g\u00fcltig sind.<\/p>\n\n  <p>Alle Inhalte dieser Website sind auf Spanisch verf\u00fcgbar.<\/p>\n\n  <h2 style=\"font-size: 25px;\">Buchungsplattform<\/h2>\n  <p>Die Verwaltung von Reservierungen erfolgt nicht direkt auf unserer Website. Sie werden zur externen Plattform <a href=\"https:\/\/www.booking.com\/\" target=\"_blank\" rel=\"noopener\">https:\/\/www.booking.com\/<\/a> weitergeleitet, um den Reservierungsvorgang abzuschlie\u00dfen. <\/p>\n\n  <p><em>Letzte Aktualisierung: 23. Januar 2025<\/em><\/p>\t\t\t\t\t\t\t\t<\/div>\n\t\t\t\t<\/div>\n\t\t\t\t\t<\/div>\n\t\t\t\t<\/div>\n\t\t\t\t<\/div>\n\t\t","protected":false},"excerpt":{"rendered":"<p>Allgemeine Gesch\u00e4ftsbedingungen Informationen vor der Buchung Die vorliegenden Allgemeinen Gesch\u00e4ftsbedingungen regeln das Fernabsatzverh\u00e4ltnis zwischen HOTELES DEL VALLE DE MENA SLU und dem Nutzer oder Kunden. Sie wurden in \u00dcbereinstimmung mit dem Gesetz 7\/1998, dem Gesetz 3\/2014, dem Organgesetz 3\/2018, der [&hellip;]<\/p>\n","protected":false},"author":1,"featured_media":0,"parent":0,"menu_order":9,"comment_status":"closed","ping_status":"closed","template":"","meta":{"footnotes":""},"class_list":["post-3503","page","type-page","status-publish","hentry"],"_links":{"self":[{"href":"https:\/\/hotelzabalburu.com\/de\/wp-json\/wp\/v2\/pages\/3503","targetHints":{"allow":["GET"]}}],"collection":[{"href":"https:\/\/hotelzabalburu.com\/de\/wp-json\/wp\/v2\/pages"}],"about":[{"href":"https:\/\/hotelzabalburu.com\/de\/wp-json\/wp\/v2\/types\/page"}],"author":[{"embeddable":true,"href":"https:\/\/hotelzabalburu.com\/de\/wp-json\/wp\/v2\/users\/1"}],"replies":[{"embeddable":true,"href":"https:\/\/hotelzabalburu.com\/de\/wp-json\/wp\/v2\/comments?post=3503"}],"version-history":[{"count":1,"href":"https:\/\/hotelzabalburu.com\/de\/wp-json\/wp\/v2\/pages\/3503\/revisions"}],"predecessor-version":[{"id":3504,"href":"https:\/\/hotelzabalburu.com\/de\/wp-json\/wp\/v2\/pages\/3503\/revisions\/3504"}],"wp:attachment":[{"href":"https:\/\/hotelzabalburu.com\/de\/wp-json\/wp\/v2\/media?parent=3503"}],"curies":[{"name":"wp","href":"https:\/\/api.w.org\/{rel}","templated":true}]}}