{"id":3497,"date":"2025-06-13T10:56:13","date_gmt":"2025-06-13T10:56:13","guid":{"rendered":"https:\/\/hotelzabalburu.com\/datenschutzerklaerung-fuer-soziale-netzwerke\/"},"modified":"2026-01-19T08:54:29","modified_gmt":"2026-01-19T08:54:29","slug":"datenschutzerklaerung-fuer-soziale-netzwerke","status":"publish","type":"page","link":"https:\/\/hotelzabalburu.com\/de\/datenschutzerklaerung-fuer-soziale-netzwerke\/","title":{"rendered":"Datenschutzerkl\u00e4rung f\u00fcr soziale Netzwerke"},"content":{"rendered":"\t\t<div data-elementor-type=\"wp-page\" data-elementor-id=\"3497\" class=\"elementor elementor-3497 elementor-2448\" data-elementor-post-type=\"page\">\n\t\t\t\t<div class=\"elementor-element elementor-element-4053a91 e-flex e-con-boxed e-con e-parent\" data-id=\"4053a91\" data-element_type=\"container\" data-settings=\"{&quot;hoteller_ext_is_background_parallax&quot;:&quot;false&quot;,&quot;hoteller_ext_is_background_backdrop&quot;:&quot;false&quot;,&quot;hoteller_ext_is_background_on_scroll&quot;:&quot;false&quot;,&quot;hoteller_ext_link_sidemenu&quot;:&quot;false&quot;,&quot;hoteller_ext_link_fullmenu&quot;:&quot;false&quot;,&quot;hoteller_ext_link_closed_fullmenu&quot;:&quot;false&quot;,&quot;hoteller_ext_is_scrollme&quot;:&quot;false&quot;,&quot;hoteller_ext_is_smoove&quot;:&quot;false&quot;,&quot;hoteller_ext_is_parallax_mouse&quot;:&quot;false&quot;,&quot;hoteller_ext_is_infinite&quot;:&quot;false&quot;,&quot;hoteller_ext_is_fadeout_animation&quot;:&quot;false&quot;,&quot;hoteller_ext_mobile_static&quot;:&quot;false&quot;}\">\n\t\t\t\t\t<div class=\"e-con-inner\">\n\t\t\t\t<div class=\"elementor-element elementor-element-10d3479 elementor-widget elementor-widget-heading\" data-id=\"10d3479\" data-element_type=\"widget\" data-settings=\"{&quot;hoteller_ext_link_sidemenu&quot;:&quot;false&quot;,&quot;hoteller_ext_link_fullmenu&quot;:&quot;false&quot;,&quot;hoteller_ext_link_closed_fullmenu&quot;:&quot;false&quot;,&quot;hoteller_ext_is_scrollme&quot;:&quot;false&quot;,&quot;hoteller_ext_is_smoove&quot;:&quot;false&quot;,&quot;hoteller_ext_is_parallax_mouse&quot;:&quot;false&quot;,&quot;hoteller_ext_is_infinite&quot;:&quot;false&quot;,&quot;hoteller_ext_is_fadeout_animation&quot;:&quot;false&quot;,&quot;hoteller_ext_mobile_static&quot;:&quot;false&quot;}\" data-widget_type=\"heading.default\">\n\t\t\t\t<div class=\"elementor-widget-container\">\n\t\t\t\t\t<h1 class=\"elementor-heading-title elementor-size-default\">Datenschutzerkl\u00e4rung f\u00fcr soziale Netzwerke<\/h1>\t\t\t\t<\/div>\n\t\t\t\t<\/div>\n\t\t\t\t<div class=\"elementor-element elementor-element-5372a60 elementor-widget elementor-widget-text-editor\" data-id=\"5372a60\" data-element_type=\"widget\" data-settings=\"{&quot;hoteller_ext_link_sidemenu&quot;:&quot;false&quot;,&quot;hoteller_ext_link_fullmenu&quot;:&quot;false&quot;,&quot;hoteller_ext_link_closed_fullmenu&quot;:&quot;false&quot;,&quot;hoteller_ext_is_scrollme&quot;:&quot;false&quot;,&quot;hoteller_ext_is_smoove&quot;:&quot;false&quot;,&quot;hoteller_ext_is_parallax_mouse&quot;:&quot;false&quot;,&quot;hoteller_ext_is_infinite&quot;:&quot;false&quot;,&quot;hoteller_ext_is_fadeout_animation&quot;:&quot;false&quot;,&quot;hoteller_ext_mobile_static&quot;:&quot;false&quot;}\" data-widget_type=\"text-editor.default\">\n\t\t\t\t<div class=\"elementor-widget-container\">\n\t\t\t\t\t\t\t\t\t<p>In \u00dcbereinstimmung mit den geltenden Datenschutzbestimmungen und dem Gesetz 34\/2002 (LSSI-CE) teilt HOTELES DEL VALLE DE MENA SLU mit, dass es ein Profil im sozialen Netzwerk Facebook erstellt hat, um f\u00fcr seine Produkte und Dienstleistungen zu werben.<\/p>\n<h2 style=\"font-size: 25px;\">Angaben zum Verantwortlichen<\/h2>\n<ul>\n<li><strong>Steuernummer:<\/strong> B95348272<\/li>\n<li><strong>Adresse:<\/strong> Pedro Mart\u00ednez Artola N\u00ba8, 48012 Bilbao (Bizkaia)<\/li>\n<li><strong>E-mail:<\/strong> direccion@hotelzabalburu.com<br><br><\/li>\n<\/ul>\n<h2 style=\"font-size: 25px;\">Zweck und Verarbeitung von Daten<\/h2>\n<p>Mit dem Beitritt zu unserer Seite stimmt der Nutzer der Verarbeitung der \u00f6ffentlichen personenbezogenen Daten seines Profils zu, die ausschlie\u00dflich im sozialen Netzwerk selbst verwendet und nicht in externe Systeme \u00fcbernommen werden.<\/p>\n<h2 style=\"font-size: 25px;\">Rechte der betroffenen Personen<\/h2>\n<p>Die Nutzer k\u00f6nnen ihre Rechte auf Zugang, Berichtigung, Einschr\u00e4nkung, L\u00f6schung, \u00dcbertragbarkeit und Widerspruch gem\u00e4\u00df der DSGVO aus\u00fcben. Dabei sind folgende Nuancen zu ber\u00fccksichtigen: <\/p>\n<ul>\n<li><strong>Zugriff:<\/strong> Kenntnisnahme personenbezogener Daten und deren Verarbeitung.<\/li>\n<li><strong>Berichtigung:<\/strong> Ungenaue Daten in der Kontrolle von HOTELES DEL VALLE DE MENA SLU \u00e4ndern.<\/li>\n<li><strong>Einschr\u00e4nkung:<\/strong> Einschr\u00e4nkung der urspr\u00fcnglichen Verarbeitung der Daten.<\/li>\n<li><strong>Supresi\u00f3n:<\/strong> Eliminar datos, salvo obligaciones legales de conservaci\u00f3n.<\/li>\n<li><strong>Portabilidad:<\/strong> Recibir y transmitir los datos en formato estructurado.<\/li>\n<li><strong>Widerspruch:<\/strong> Einstellung der Datenverarbeitung.<br><br><\/li>\n<\/ul>\n<h2 style=\"font-size: 25px;\">Ma\u00dfnahmen von HOTELES DEL VALLE DE MENA SLU<\/h2>\n<ul>\n<li>Zugang zu den \u00f6ffentlichen Informationen des Profils.<\/li>\n<li>Ver\u00f6ffentlichung von Informationen im Benutzerprofil.<\/li>\n<li>Versenden von pers\u00f6nlichen und individuellen Nachrichten.<\/li>\n<li>Aktualisierungen, die im Profil des Benutzers ver\u00f6ffentlicht werden.<br><br><\/li>\n<\/ul>\n<h2 style=\"font-size: 25px;\">Publicaciones<\/h2>\n<p>Der Nutzer kann Kommentare, Bilder usw. ver\u00f6ffentlichen, wobei er f\u00fcr die erforderlichen Urheberrechte oder Genehmigungen verantwortlich ist. Inhalte, die Rechte, Gesetze, Moral oder Anstand verletzen, sind verboten. HOTELES DEL VALLE DE MENA SLU kann diese Inhalte entfernen und den Nutzer sperren.  <\/p>\n<h2 style=\"font-size: 25px;\">Wettbewerbe und Werbeaktionen<\/h2>\n<p>Es k\u00f6nnen Werbeaktionen gem\u00e4\u00df dem LSSI-CE durchgef\u00fchrt werden. Facebook sponsert oder verwaltet diese Werbeaktionen nicht. <\/p>\n<h2 style=\"font-size: 25px;\">Publicidad<\/h2>\n<p>Das Unternehmen kann das soziale Netzwerk zu Werbezwecken nutzen. Bei direkter Kundenwerbung werden die Datenschutzbestimmungen und das LSSI-CE-Gesetz eingehalten. Die Weiterempfehlung der Seite an andere gilt nicht als Werbung.  <\/p>\n<h2 style=\"font-size: 25px;\">Richtlinien f\u00fcr soziale Netzwerke<\/h2>\n<p><a href=\"https:\/\/es-es.facebook.com\/privacy\/explanation\" target=\"_blank\" rel=\"nofollow noopener\">Datenschutzerkl\u00e4rung von Facebook<\/a><\/p>\n<p><em>Letzte Aktualisierung: 23. Januar 2025<\/em><\/p>\t\t\t\t\t\t\t\t<\/div>\n\t\t\t\t<\/div>\n\t\t\t\t\t<\/div>\n\t\t\t\t<\/div>\n\t\t\t\t<\/div>\n\t\t","protected":false},"excerpt":{"rendered":"<p>Datenschutzerkl\u00e4rung f\u00fcr soziale Netzwerke In \u00dcbereinstimmung mit den geltenden Datenschutzbestimmungen und dem Gesetz 34\/2002 (LSSI-CE) teilt HOTELES DEL VALLE DE MENA SLU mit, dass es ein Profil im sozialen Netzwerk Facebook erstellt hat, um f\u00fcr seine Produkte und Dienstleistungen zu [&hellip;]<\/p>\n","protected":false},"author":1,"featured_media":0,"parent":0,"menu_order":7,"comment_status":"closed","ping_status":"closed","template":"","meta":{"footnotes":""},"class_list":["post-3497","page","type-page","status-publish","hentry"],"_links":{"self":[{"href":"https:\/\/hotelzabalburu.com\/de\/wp-json\/wp\/v2\/pages\/3497","targetHints":{"allow":["GET"]}}],"collection":[{"href":"https:\/\/hotelzabalburu.com\/de\/wp-json\/wp\/v2\/pages"}],"about":[{"href":"https:\/\/hotelzabalburu.com\/de\/wp-json\/wp\/v2\/types\/page"}],"author":[{"embeddable":true,"href":"https:\/\/hotelzabalburu.com\/de\/wp-json\/wp\/v2\/users\/1"}],"replies":[{"embeddable":true,"href":"https:\/\/hotelzabalburu.com\/de\/wp-json\/wp\/v2\/comments?post=3497"}],"version-history":[{"count":3,"href":"https:\/\/hotelzabalburu.com\/de\/wp-json\/wp\/v2\/pages\/3497\/revisions"}],"predecessor-version":[{"id":3500,"href":"https:\/\/hotelzabalburu.com\/de\/wp-json\/wp\/v2\/pages\/3497\/revisions\/3500"}],"wp:attachment":[{"href":"https:\/\/hotelzabalburu.com\/de\/wp-json\/wp\/v2\/media?parent=3497"}],"curies":[{"name":"wp","href":"https:\/\/api.w.org\/{rel}","templated":true}]}}