{"id":3489,"date":"2025-06-13T10:32:59","date_gmt":"2025-06-13T10:32:59","guid":{"rendered":"https:\/\/hotelzabalburu.com\/rechtlicher-hinweis\/"},"modified":"2026-01-19T08:51:29","modified_gmt":"2026-01-19T08:51:29","slug":"rechtlicher-hinweis","status":"publish","type":"page","link":"https:\/\/hotelzabalburu.com\/de\/rechtlicher-hinweis\/","title":{"rendered":"Rechtlicher Hinweis"},"content":{"rendered":"\t\t<div data-elementor-type=\"wp-page\" data-elementor-id=\"3489\" class=\"elementor elementor-3489 elementor-2411\" data-elementor-post-type=\"page\">\n\t\t\t\t<div class=\"elementor-element elementor-element-ce561ae e-flex e-con-boxed e-con e-parent\" data-id=\"ce561ae\" data-element_type=\"container\" data-settings=\"{&quot;hoteller_ext_is_background_parallax&quot;:&quot;false&quot;,&quot;hoteller_ext_is_background_backdrop&quot;:&quot;false&quot;,&quot;hoteller_ext_is_background_on_scroll&quot;:&quot;false&quot;,&quot;hoteller_ext_link_sidemenu&quot;:&quot;false&quot;,&quot;hoteller_ext_link_fullmenu&quot;:&quot;false&quot;,&quot;hoteller_ext_link_closed_fullmenu&quot;:&quot;false&quot;,&quot;hoteller_ext_is_scrollme&quot;:&quot;false&quot;,&quot;hoteller_ext_is_smoove&quot;:&quot;false&quot;,&quot;hoteller_ext_is_parallax_mouse&quot;:&quot;false&quot;,&quot;hoteller_ext_is_infinite&quot;:&quot;false&quot;,&quot;hoteller_ext_is_fadeout_animation&quot;:&quot;false&quot;,&quot;hoteller_ext_mobile_static&quot;:&quot;false&quot;}\">\n\t\t\t\t\t<div class=\"e-con-inner\">\n\t\t\t\t<div class=\"elementor-element elementor-element-7c6dab8 elementor-widget elementor-widget-heading\" data-id=\"7c6dab8\" data-element_type=\"widget\" data-settings=\"{&quot;hoteller_ext_link_sidemenu&quot;:&quot;false&quot;,&quot;hoteller_ext_link_fullmenu&quot;:&quot;false&quot;,&quot;hoteller_ext_link_closed_fullmenu&quot;:&quot;false&quot;,&quot;hoteller_ext_is_scrollme&quot;:&quot;false&quot;,&quot;hoteller_ext_is_smoove&quot;:&quot;false&quot;,&quot;hoteller_ext_is_parallax_mouse&quot;:&quot;false&quot;,&quot;hoteller_ext_is_infinite&quot;:&quot;false&quot;,&quot;hoteller_ext_is_fadeout_animation&quot;:&quot;false&quot;,&quot;hoteller_ext_mobile_static&quot;:&quot;false&quot;}\" data-widget_type=\"heading.default\">\n\t\t\t\t<div class=\"elementor-widget-container\">\n\t\t\t\t\t<h1 class=\"elementor-heading-title elementor-size-default\">Rechtlicher Hinweis<\/h1>\t\t\t\t<\/div>\n\t\t\t\t<\/div>\n\t\t\t\t<div class=\"elementor-element elementor-element-5d5a2fd elementor-widget elementor-widget-text-editor\" data-id=\"5d5a2fd\" data-element_type=\"widget\" data-settings=\"{&quot;hoteller_ext_link_sidemenu&quot;:&quot;false&quot;,&quot;hoteller_ext_link_fullmenu&quot;:&quot;false&quot;,&quot;hoteller_ext_link_closed_fullmenu&quot;:&quot;false&quot;,&quot;hoteller_ext_is_scrollme&quot;:&quot;false&quot;,&quot;hoteller_ext_is_smoove&quot;:&quot;false&quot;,&quot;hoteller_ext_is_parallax_mouse&quot;:&quot;false&quot;,&quot;hoteller_ext_is_infinite&quot;:&quot;false&quot;,&quot;hoteller_ext_is_fadeout_animation&quot;:&quot;false&quot;,&quot;hoteller_ext_mobile_static&quot;:&quot;false&quot;}\" data-widget_type=\"text-editor.default\">\n\t\t\t\t<div class=\"elementor-widget-container\">\n\t\t\t\t\t\t\t\t\t<h2 style=\"font-size: 25px;\">1. Informazioni sul titolare del sito web<\/h2>\n<p>In ottemperanza alla Legge 34\/2002 sui Servizi della Societ\u00e0 dell&#8217;Informazione e del Commercio Elettronico (LSSI-CE), si informa che questo sito web \u00e8 di propriet\u00e0 di:<\/p>\n<ul>\n<li><strong>Ragione sociale:<\/strong> HOTELES DEL VALLE DE MENA SLU<\/li>\n<li><strong>Steuernummer:<\/strong> B95348272<\/li>\n<li><strong>Dom\u00e4ne:<\/strong>&nbsp;hotelzabalburu.com<\/li>\n<li><strong>Postanschrift:<\/strong> Pedro Mart\u00ednez Artola n\u00ba8, 48012 Bilbao (Bizkaia)<\/li>\n<li><strong>E-Mail:<\/strong> direccion@hotelzabalburu.com<\/li>\n<li><strong>Telefon:<\/strong> 944437100<\/li>\n<li><strong>Registerdaten:<\/strong> Band 4505, Blatt 103, Seite BI41454, Eintragung 9\n<\/li>\n<\/ul>\n<h2 style=\"font-size: 25px;\">2. Nutzer und Haftungsregelung<\/h2>\n<p>Durch das Aufrufen, den Zugriff und die Nutzung dieser Website werden Sie zum Nutzer und akzeptieren mit dem Zugriff die hier aufgef\u00fchrten Bedingungen. Der Nutzer verpflichtet sich zu einer angemessenen Nutzung der Inhalte und ist verantwortlich f\u00fcr: <\/p>\n<ul>\n<li>Die Richtigkeit und Rechtm\u00e4\u00dfigkeit der Daten, die Sie in den Formularen der Website angeben.<\/li>\n<li>Die Inhalte der Website d\u00fcrfen nicht f\u00fcr illegale Zwecke oder in einer Weise genutzt werden, die die Rechte Dritter oder den Betrieb der Website beeintr\u00e4chtigen k\u00f6nnte.\n<\/li>\n<\/ul>\n<h2 style=\"font-size: 25px;\">3. Link-Richtlinie und Haftungsausschluss<\/h2>\n<p>Der Inhaber \u00fcbernimmt keine Verantwortung f\u00fcr den Inhalt anderer Websites, die mit dieser Website verlinkt sind, sofern er keine tats\u00e4chliche Kenntnis von deren Rechtswidrigkeit hat. Bei Feststellung von Unregelm\u00e4\u00dfigkeiten werden die erforderlichen Verfahren zu deren Entfernung eingeleitet. <\/p>\n<h2 style=\"font-size: 25px;\">4. \u00c4nderungen<\/h2>\n<p>HOTELES DEL VALLE DE MENA SLU beh\u00e4lt sich das Recht vor, jederzeit und ohne vorherige Ank\u00fcndigung \u00c4nderungen an den Inhalten, dem Design und der Konfiguration dieser Website vorzunehmen.<\/p>\n<h2>5. Preisangaben<\/h2>\n<p>Die angegebenen Preise enthalten die gesetzliche Mehrwertsteuer, sofern nicht ausdr\u00fccklich anders angegeben, und es werden gegebenenfalls anfallende zus\u00e4tzliche Kosten angegeben.<\/p>\n<h2 style=\"font-size: 25px;\">6. Geistiges und gewerbliches Eigentum<\/h2>\n<p>Alle geistigen und gewerblichen Eigentumsrechte an den Inhalten dieser Website liegen bei HOTELES DEL VALLE DE MENA SLU. Die Vervielf\u00e4ltigung oder Verbreitung zu kommerziellen Zwecken ohne Genehmigung ist untersagt. <\/p>\n<h2 style=\"font-size: 25px;\">7. Rechtliche Schritte, anwendbares Recht und Gerichtsbarkeit<\/h2>\n<p>Bei Beschwerden kann sich der Nutzer per E-Mail an direccion@hotelzabalburu.com wenden. Diese Website verf\u00fcgt \u00fcber offizielle Beschwerdeformulare. Streitigkeiten unterliegen spanischem Recht. Die Europ\u00e4ische Kommission bietet eine Plattform zur Online-Streitbeilegung an, die unter folgender Adresse verf\u00fcgbar ist: <a href=\"https:\/\/ec.europa.eu\/consumers\/odr\/\" target=\"_blank\" rel=\"noopener\">https:\/\/ec.europa.eu\/consumers\/odr\/<\/a>   <\/p>\n<p><em>Letzte Aktualisierung: 23. Januar 2025<\/em><\/p>\t\t\t\t\t\t\t\t<\/div>\n\t\t\t\t<\/div>\n\t\t\t\t\t<\/div>\n\t\t\t\t<\/div>\n\t\t\t\t<\/div>\n\t\t","protected":false},"excerpt":{"rendered":"<p>Rechtlicher Hinweis 1. Informazioni sul titolare del sito web In ottemperanza alla Legge 34\/2002 sui Servizi della Societ\u00e0 dell&#8217;Informazione e del Commercio Elettronico (LSSI-CE), si informa che questo sito web \u00e8 di propriet\u00e0 di: Ragione sociale: HOTELES DEL VALLE DE [&hellip;]<\/p>\n","protected":false},"author":1,"featured_media":0,"parent":0,"menu_order":5,"comment_status":"closed","ping_status":"closed","template":"","meta":{"footnotes":""},"class_list":["post-3489","page","type-page","status-publish","hentry"],"_links":{"self":[{"href":"https:\/\/hotelzabalburu.com\/de\/wp-json\/wp\/v2\/pages\/3489","targetHints":{"allow":["GET"]}}],"collection":[{"href":"https:\/\/hotelzabalburu.com\/de\/wp-json\/wp\/v2\/pages"}],"about":[{"href":"https:\/\/hotelzabalburu.com\/de\/wp-json\/wp\/v2\/types\/page"}],"author":[{"embeddable":true,"href":"https:\/\/hotelzabalburu.com\/de\/wp-json\/wp\/v2\/users\/1"}],"replies":[{"embeddable":true,"href":"https:\/\/hotelzabalburu.com\/de\/wp-json\/wp\/v2\/comments?post=3489"}],"version-history":[{"count":1,"href":"https:\/\/hotelzabalburu.com\/de\/wp-json\/wp\/v2\/pages\/3489\/revisions"}],"predecessor-version":[{"id":3490,"href":"https:\/\/hotelzabalburu.com\/de\/wp-json\/wp\/v2\/pages\/3489\/revisions\/3490"}],"wp:attachment":[{"href":"https:\/\/hotelzabalburu.com\/de\/wp-json\/wp\/v2\/media?parent=3489"}],"curies":[{"name":"wp","href":"https:\/\/api.w.org\/{rel}","templated":true}]}}